{"id":40,"date":"2025-12-09T16:56:22","date_gmt":"2025-12-09T16:56:22","guid":{"rendered":"https:\/\/www.oficinascastellon.com\/?page_id=40"},"modified":"2025-12-10T14:19:47","modified_gmt":"2025-12-10T14:19:47","slug":"direccion-comercial","status":"publish","type":"page","link":"https:\/\/www.oficinascastellon.com\/index.php\/direccion-comercial\/","title":{"rendered":"Direcci\u00f3n comercial"},"content":{"rendered":"<p>[et_pb_section fb_built=\u00bb1&#8243; admin_label=\u00bbHeader\u00bb _builder_version=\u00bb4.20.0&#8243; _module_preset=\u00bbdefault\u00bb use_background_color_gradient=\u00bbon\u00bb background_color_gradient_stops=\u00bbrgba(0,0,0,0.8) 0%|rgba(0,0,0,0.5) 100%\u00bb background_color_gradient_overlays_image=\u00bbon\u00bb background_image=\u00bbhttps:\/\/www.oficinascastellon.com\/wp-content\/uploads\/2025\/12\/co-working-27.jpg\u00bb collapsed=\u00bbon\u00bb global_colors_info=\u00bb{}\u00bb theme_builder_area=\u00bbpost_content\u00bb][et_pb_row _builder_version=\u00bb4.20.0&#8243; _module_preset=\u00bbdefault\u00bb global_colors_info=\u00bb{}\u00bb theme_builder_area=\u00bbpost_content\u00bb][et_pb_column type=\u00bb4_4&#8243; _builder_version=\u00bb4.20.0&#8243; _module_preset=\u00bbdefault\u00bb global_colors_info=\u00bb{}\u00bb theme_builder_area=\u00bbpost_content\u00bb][et_pb_text _builder_version=\u00bb4.27.5&#8243; _module_preset=\u00bb4713481c-ea0d-49a9-8d44-f4eef9447fe2&#8243; header_text_color=\u00bb#FFFFFF\u00bb global_colors_info=\u00bb{}\u00bb theme_builder_area=\u00bbpost_content\u00bb]<\/p>\n<h1>Estamos trabajando para ti<\/h1>\n<p>[\/et_pb_text][\/et_pb_column][\/et_pb_row][\/et_pb_section][et_pb_section fb_built=\u00bb1&#8243; admin_label=\u00bbAbout\u00bb _builder_version=\u00bb4.20.0&#8243; _module_preset=\u00bbdefault\u00bb background_color=\u00bbgcid-ee37f9db-558a-4c1e-93ad-2fb984fae1ac\u00bb collapsed=\u00bbon\u00bb global_colors_info=\u00bb{%22gcid-ee37f9db-558a-4c1e-93ad-2fb984fae1ac%22:%91%22background_color%22%93}\u00bb theme_builder_area=\u00bbpost_content\u00bb][et_pb_row _builder_version=\u00bb4.20.0&#8243; _module_preset=\u00bbdefault\u00bb max_width=\u00bb800px\u00bb global_colors_info=\u00bb{}\u00bb theme_builder_area=\u00bbpost_content\u00bb][et_pb_column type=\u00bb4_4&#8243; _builder_version=\u00bb4.20.0&#8243; _module_preset=\u00bbdefault\u00bb global_colors_info=\u00bb{}\u00bb theme_builder_area=\u00bbpost_content\u00bb][et_pb_text _builder_version=\u00bb4.27.5&#8243; _module_preset=\u00bb1011f3a5-b945-4675-bf1a-c7007e3518d2&#8243; text_orientation=\u00bbcenter\u00bb global_colors_info=\u00bb{}\u00bb theme_builder_area=\u00bbpost_content\u00bb]<\/p>\n<h4>Muy pronto podr\u00e1s descubrir todos nuestros servicios de oficinas y oficinas virtuales en Castell\u00f3n. Estamos preparando una web m\u00e1s completa, m\u00e1s clara y pensada para ayudarte a encontrar el espacio profesional que tu empresa necesita.<br \/>Gracias por tu paciencia. \u00a1Volvemos enseguida!<\/h4>\n<p>[\/et_pb_text][\/et_pb_column][\/et_pb_row][\/et_pb_section]<\/p>\n","protected":false},"excerpt":{"rendered":"<p>Estamos trabajando para tiMuy pronto podr\u00e1s descubrir todos nuestros servicios de oficinas y oficinas virtuales en Castell\u00f3n. Estamos preparando una web m\u00e1s completa, m\u00e1s clara y pensada para ayudarte a encontrar el espacio profesional que tu empresa necesita.Gracias por tu paciencia. \u00a1Volvemos enseguida!<\/p>\n","protected":false},"author":1,"featured_media":0,"parent":0,"menu_order":0,"comment_status":"closed","ping_status":"closed","template":"","meta":{"_et_pb_use_builder":"on","_et_pb_old_content":"","_et_gb_content_width":"","footnotes":""},"class_list":["post-40","page","type-page","status-publish","hentry"],"yoast_head":"<!-- This site is optimized with the Yoast SEO plugin v26.5 - https:\/\/yoast.com\/wordpress\/plugins\/seo\/ -->\n<title>Direcci\u00f3n comercial - Oficinas Castell\u00f3n<\/title>\n<meta name=\"robots\" content=\"index, follow, max-snippet:-1, max-image-preview:large, max-video-preview:-1\" \/>\n<link rel=\"canonical\" href=\"https:\/\/www.oficinascastellon.com\/index.php\/direccion-comercial\/\" \/>\n<meta property=\"og:locale\" content=\"es_ES\" \/>\n<meta property=\"og:type\" content=\"article\" \/>\n<meta property=\"og:title\" content=\"Direcci\u00f3n comercial - Oficinas Castell\u00f3n\" \/>\n<meta property=\"og:description\" content=\"Estamos trabajando para tiMuy pronto podr\u00e1s descubrir todos nuestros servicios de oficinas y oficinas virtuales en Castell\u00f3n. Estamos preparando una web m\u00e1s completa, m\u00e1s clara y pensada para ayudarte a encontrar el espacio profesional que tu empresa necesita.Gracias por tu paciencia. \u00a1Volvemos enseguida!\" \/>\n<meta property=\"og:url\" content=\"https:\/\/www.oficinascastellon.com\/index.php\/direccion-comercial\/\" \/>\n<meta property=\"og:site_name\" content=\"Oficinas Castell\u00f3n\" \/>\n<meta property=\"article:modified_time\" content=\"2025-12-10T14:19:47+00:00\" \/>\n<meta name=\"twitter:card\" content=\"summary_large_image\" \/>\n<script type=\"application\/ld+json\" class=\"yoast-schema-graph\">{\"@context\":\"https:\/\/schema.org\",\"@graph\":[{\"@type\":\"WebPage\",\"@id\":\"https:\/\/www.oficinascastellon.com\/index.php\/direccion-comercial\/\",\"url\":\"https:\/\/www.oficinascastellon.com\/index.php\/direccion-comercial\/\",\"name\":\"Direcci\u00f3n comercial - Oficinas Castell\u00f3n\",\"isPartOf\":{\"@id\":\"https:\/\/www.oficinascastellon.com\/#website\"},\"datePublished\":\"2025-12-09T16:56:22+00:00\",\"dateModified\":\"2025-12-10T14:19:47+00:00\",\"breadcrumb\":{\"@id\":\"https:\/\/www.oficinascastellon.com\/index.php\/direccion-comercial\/#breadcrumb\"},\"inLanguage\":\"es\",\"potentialAction\":[{\"@type\":\"ReadAction\",\"target\":[\"https:\/\/www.oficinascastellon.com\/index.php\/direccion-comercial\/\"]}]},{\"@type\":\"BreadcrumbList\",\"@id\":\"https:\/\/www.oficinascastellon.com\/index.php\/direccion-comercial\/#breadcrumb\",\"itemListElement\":[{\"@type\":\"ListItem\",\"position\":1,\"name\":\"Portada\",\"item\":\"https:\/\/www.oficinascastellon.com\/\"},{\"@type\":\"ListItem\",\"position\":2,\"name\":\"Direcci\u00f3n comercial\"}]},{\"@type\":\"WebSite\",\"@id\":\"https:\/\/www.oficinascastellon.com\/#website\",\"url\":\"https:\/\/www.oficinascastellon.com\/\",\"name\":\"Oficinas Castell\u00f3n\",\"description\":\"La Oficina que te impulsa\",\"publisher\":{\"@id\":\"https:\/\/www.oficinascastellon.com\/#organization\"},\"potentialAction\":[{\"@type\":\"SearchAction\",\"target\":{\"@type\":\"EntryPoint\",\"urlTemplate\":\"https:\/\/www.oficinascastellon.com\/?s={search_term_string}\"},\"query-input\":{\"@type\":\"PropertyValueSpecification\",\"valueRequired\":true,\"valueName\":\"search_term_string\"}}],\"inLanguage\":\"es\"},{\"@type\":\"Organization\",\"@id\":\"https:\/\/www.oficinascastellon.com\/#organization\",\"name\":\"Oficinas Castell\u00f3n\",\"url\":\"https:\/\/www.oficinascastellon.com\/\",\"logo\":{\"@type\":\"ImageObject\",\"inLanguage\":\"es\",\"@id\":\"https:\/\/www.oficinascastellon.com\/#\/schema\/logo\/image\/\",\"url\":\"https:\/\/www.oficinascastellon.com\/wp-content\/uploads\/2025\/12\/LOGO-Oficinas-Castellon-Rectangular-Sin-Fondo.png\",\"contentUrl\":\"https:\/\/www.oficinascastellon.com\/wp-content\/uploads\/2025\/12\/LOGO-Oficinas-Castellon-Rectangular-Sin-Fondo.png\",\"width\":1024,\"height\":375,\"caption\":\"Oficinas Castell\u00f3n\"},\"image\":{\"@id\":\"https:\/\/www.oficinascastellon.com\/#\/schema\/logo\/image\/\"}}]}<\/script>\n<!-- \/ Yoast SEO plugin. -->","yoast_head_json":{"title":"Direcci\u00f3n comercial - Oficinas Castell\u00f3n","robots":{"index":"index","follow":"follow","max-snippet":"max-snippet:-1","max-image-preview":"max-image-preview:large","max-video-preview":"max-video-preview:-1"},"canonical":"https:\/\/www.oficinascastellon.com\/index.php\/direccion-comercial\/","og_locale":"es_ES","og_type":"article","og_title":"Direcci\u00f3n comercial - Oficinas Castell\u00f3n","og_description":"Estamos trabajando para tiMuy pronto podr\u00e1s descubrir todos nuestros servicios de oficinas y oficinas virtuales en Castell\u00f3n. Estamos preparando una web m\u00e1s completa, m\u00e1s clara y pensada para ayudarte a encontrar el espacio profesional que tu empresa necesita.Gracias por tu paciencia. \u00a1Volvemos enseguida!","og_url":"https:\/\/www.oficinascastellon.com\/index.php\/direccion-comercial\/","og_site_name":"Oficinas Castell\u00f3n","article_modified_time":"2025-12-10T14:19:47+00:00","twitter_card":"summary_large_image","schema":{"@context":"https:\/\/schema.org","@graph":[{"@type":"WebPage","@id":"https:\/\/www.oficinascastellon.com\/index.php\/direccion-comercial\/","url":"https:\/\/www.oficinascastellon.com\/index.php\/direccion-comercial\/","name":"Direcci\u00f3n comercial - Oficinas Castell\u00f3n","isPartOf":{"@id":"https:\/\/www.oficinascastellon.com\/#website"},"datePublished":"2025-12-09T16:56:22+00:00","dateModified":"2025-12-10T14:19:47+00:00","breadcrumb":{"@id":"https:\/\/www.oficinascastellon.com\/index.php\/direccion-comercial\/#breadcrumb"},"inLanguage":"es","potentialAction":[{"@type":"ReadAction","target":["https:\/\/www.oficinascastellon.com\/index.php\/direccion-comercial\/"]}]},{"@type":"BreadcrumbList","@id":"https:\/\/www.oficinascastellon.com\/index.php\/direccion-comercial\/#breadcrumb","itemListElement":[{"@type":"ListItem","position":1,"name":"Portada","item":"https:\/\/www.oficinascastellon.com\/"},{"@type":"ListItem","position":2,"name":"Direcci\u00f3n comercial"}]},{"@type":"WebSite","@id":"https:\/\/www.oficinascastellon.com\/#website","url":"https:\/\/www.oficinascastellon.com\/","name":"Oficinas Castell\u00f3n","description":"La Oficina que te impulsa","publisher":{"@id":"https:\/\/www.oficinascastellon.com\/#organization"},"potentialAction":[{"@type":"SearchAction","target":{"@type":"EntryPoint","urlTemplate":"https:\/\/www.oficinascastellon.com\/?s={search_term_string}"},"query-input":{"@type":"PropertyValueSpecification","valueRequired":true,"valueName":"search_term_string"}}],"inLanguage":"es"},{"@type":"Organization","@id":"https:\/\/www.oficinascastellon.com\/#organization","name":"Oficinas Castell\u00f3n","url":"https:\/\/www.oficinascastellon.com\/","logo":{"@type":"ImageObject","inLanguage":"es","@id":"https:\/\/www.oficinascastellon.com\/#\/schema\/logo\/image\/","url":"https:\/\/www.oficinascastellon.com\/wp-content\/uploads\/2025\/12\/LOGO-Oficinas-Castellon-Rectangular-Sin-Fondo.png","contentUrl":"https:\/\/www.oficinascastellon.com\/wp-content\/uploads\/2025\/12\/LOGO-Oficinas-Castellon-Rectangular-Sin-Fondo.png","width":1024,"height":375,"caption":"Oficinas Castell\u00f3n"},"image":{"@id":"https:\/\/www.oficinascastellon.com\/#\/schema\/logo\/image\/"}}]}},"_links":{"self":[{"href":"https:\/\/www.oficinascastellon.com\/index.php\/wp-json\/wp\/v2\/pages\/40","targetHints":{"allow":["GET"]}}],"collection":[{"href":"https:\/\/www.oficinascastellon.com\/index.php\/wp-json\/wp\/v2\/pages"}],"about":[{"href":"https:\/\/www.oficinascastellon.com\/index.php\/wp-json\/wp\/v2\/types\/page"}],"author":[{"embeddable":true,"href":"https:\/\/www.oficinascastellon.com\/index.php\/wp-json\/wp\/v2\/users\/1"}],"replies":[{"embeddable":true,"href":"https:\/\/www.oficinascastellon.com\/index.php\/wp-json\/wp\/v2\/comments?post=40"}],"version-history":[{"count":3,"href":"https:\/\/www.oficinascastellon.com\/index.php\/wp-json\/wp\/v2\/pages\/40\/revisions"}],"predecessor-version":[{"id":188,"href":"https:\/\/www.oficinascastellon.com\/index.php\/wp-json\/wp\/v2\/pages\/40\/revisions\/188"}],"wp:attachment":[{"href":"https:\/\/www.oficinascastellon.com\/index.php\/wp-json\/wp\/v2\/media?parent=40"}],"curies":[{"name":"wp","href":"https:\/\/api.w.org\/{rel}","templated":true}]}}